{"id":173,"date":"2020-05-09T16:44:29","date_gmt":"2020-05-09T16:44:29","guid":{"rendered":"https:\/\/aceitunasvegatoro.com\/?page_id=173"},"modified":"2020-05-14T09:12:10","modified_gmt":"2020-05-14T09:12:10","slug":"vision-mision-y-valores","status":"publish","type":"page","link":"https:\/\/aceitunasvegatoro.com\/?page_id=173","title":{"rendered":"Visi\u00f3n, misi\u00f3n y valores"},"content":{"rendered":"<p>[et_pb_section fb_built=\u00bb1&#8243; _builder_version=\u00bb3.0.47&#8243;][et_pb_row _builder_version=\u00bb3.0.48&#8243; background_size=\u00bbinitial\u00bb background_position=\u00bbtop_left\u00bb background_repeat=\u00bbrepeat\u00bb][et_pb_column type=\u00bb4_4&#8243; _builder_version=\u00bb3.0.47&#8243; parallax=\u00bboff\u00bb parallax_method=\u00bbon\u00bb][et_pb_image src=\u00bbhttps:\/\/aceitunasvegatoro.com\/wp-content\/uploads\/2020\/05\/Portada-vision.png\u00bb _builder_version=\u00bb3.19.1&#8243;][\/et_pb_image][\/et_pb_column][\/et_pb_row][\/et_pb_section][et_pb_section fb_built=\u00bb1&#8243; _builder_version=\u00bb3.0.47&#8243;][et_pb_row _builder_version=\u00bb3.0.48&#8243; background_size=\u00bbinitial\u00bb background_position=\u00bbtop_left\u00bb background_repeat=\u00bbrepeat\u00bb][et_pb_column type=\u00bb1_2&#8243; _builder_version=\u00bb3.0.47&#8243; parallax=\u00bboff\u00bb parallax_method=\u00bbon\u00bb][et_pb_text _builder_version=\u00bb3.19.1&#8243; border_width_bottom=\u00bb14px\u00bb border_color_bottom=\u00bb#e1201b\u00bb]<\/p>\n<p>Poder llevar la <strong>innovaci\u00f3n y calidad<\/strong><br \/>de la mejor aceituna de Andaluc\u00eda es <br \/>lo que empuja y hace<strong> Vegatoro<\/strong> donde est\u00e1.<\/p>\n<p>Poder promover una <strong>alimentaci\u00f3n sana, natural<\/strong><br \/>y ofrecer al cliente el mejor servicio y calidad, variedad<br \/>y valor de productos.<br \/>Ofreciendo a cualquier cliente la m\u00e1xima flexibilidad, pedidos,<br \/>marca blanca. Etc.<\/p>\n<p>[\/et_pb_text][\/et_pb_column][et_pb_column type=\u00bb1_2&#8243; _builder_version=\u00bb3.0.47&#8243; parallax=\u00bboff\u00bb parallax_method=\u00bbon\u00bb][et_pb_image src=\u00bbhttps:\/\/aceitunasvegatoro.com\/wp-content\/uploads\/2020\/05\/mano-hombre-negocios-sosteniendo-bloques-construccion-madera_42256-1119.jpg\u00bb _builder_version=\u00bb3.19.1&#8243;][\/et_pb_image][\/et_pb_column][\/et_pb_row][et_pb_row _builder_version=\u00bb3.0.48&#8243; background_size=\u00bbinitial\u00bb background_position=\u00bbtop_left\u00bb background_repeat=\u00bbrepeat\u00bb][et_pb_column type=\u00bb1_2&#8243; _builder_version=\u00bb3.0.47&#8243; parallax=\u00bboff\u00bb parallax_method=\u00bbon\u00bb][et_pb_image src=\u00bbhttps:\/\/aceitunasvegatoro.com\/wp-content\/uploads\/2020\/05\/quimico-touchpad_1098-19771.png\u00bb _builder_version=\u00bb3.19.1&#8243;][\/et_pb_image][\/et_pb_column][et_pb_column type=\u00bb1_2&#8243; _builder_version=\u00bb3.0.47&#8243; parallax=\u00bboff\u00bb parallax_method=\u00bbon\u00bb][et_pb_text _builder_version=\u00bb3.19.1&#8243; border_width_left=\u00bb12px\u00bb border_color_left=\u00bb#e1201b\u00bb]<\/p>\n<p style=\"text-align: right;\"><span style=\"color: #ff0000;\">Aceitunas Vegatoro cuenta tambi\u00e9n con una planta de I+D+I<\/span><br \/>en las mismas instalaciones, una planta dirigida \u00fanica y <br \/>exclusivamente a la investigaci\u00f3n, desarrollo e innovaci\u00f3n <br \/>de todo tipo de productos en el sector de la alimentaci\u00f3n. <br \/>Una apuesta para el futuro<br \/>en la que las bases son promover una alimentaci\u00f3n<br \/>sana y saludable hacia el consumidor.<\/p>\n<p>[\/et_pb_text][\/et_pb_column][\/et_pb_row][\/et_pb_section][et_pb_section fb_built=\u00bb1&#8243; fullwidth=\u00bbon\u00bb _builder_version=\u00bb3.0.47&#8243;][et_pb_fullwidth_slider show_arrows=\u00bboff\u00bb show_pagination=\u00bboff\u00bb _builder_version=\u00bb3.19.1&#8243;][et_pb_slide use_bg_overlay=\u00bboff\u00bb use_text_overlay=\u00bboff\u00bb _builder_version=\u00bb3.19.1&#8243; background_image=\u00bbhttps:\/\/aceitunasvegatoro.com\/wp-content\/uploads\/2020\/05\/encurtidos-pequenos-redondos-red-hot-cherry-chili-peppers-sobre-hormigon-gris_114579-3913.jpg\u00bb parallax=\u00bbon\u00bb button_on_hover=\u00bbon\u00bb][\/et_pb_slide][\/et_pb_fullwidth_slider][\/et_pb_section][et_pb_section fb_built=\u00bb1&#8243; _builder_version=\u00bb3.19.1&#8243; border_width_top=\u00bb8px\u00bb border_color_top=\u00bb#e1201b\u00bb custom_padding=\u00bb0|0px|0|0px|false|false\u00bb global_module=\u00bb394&#8243;][et_pb_row custom_padding=\u00bb0|0px|0|0px|false|false\u00bb _builder_version=\u00bb3.0.47&#8243; background_size=\u00bbinitial\u00bb background_position=\u00bbtop_left\u00bb background_repeat=\u00bbrepeat\u00bb][et_pb_column type=\u00bb1_2&#8243; _builder_version=\u00bb3.0.47&#8243; parallax=\u00bboff\u00bb parallax_method=\u00bbon\u00bb][et_pb_blurb image=\u00bbhttps:\/\/aceitunasvegatoro.com\/wp-content\/uploads\/2020\/05\/Medallas.png\u00bb _builder_version=\u00bb3.19.1&#8243;][\/et_pb_blurb][\/et_pb_column][et_pb_column type=\u00bb1_2&#8243; _builder_version=\u00bb3.0.47&#8243; parallax=\u00bboff\u00bb parallax_method=\u00bbon\u00bb][et_pb_blurb image=\u00bbhttps:\/\/aceitunasvegatoro.com\/wp-content\/uploads\/2020\/05\/Certificados-footer.png\u00bb _builder_version=\u00bb3.19.1&#8243;][\/et_pb_blurb][\/et_pb_column][\/et_pb_row][\/et_pb_section][et_pb_section fb_built=\u00bb1&#8243; _builder_version=\u00bb3.19.1&#8243; background_color=\u00bb#000000&#8243; custom_padding=\u00bb0|0px|0|0px|false|false\u00bb global_module=\u00bb198&#8243;][et_pb_row custom_padding=\u00bb32px|0px|27px|0px|false|false\u00bb _builder_version=\u00bb3.0.47&#8243; background_size=\u00bbinitial\u00bb background_position=\u00bbtop_left\u00bb background_repeat=\u00bbrepeat\u00bb][et_pb_column type=\u00bb1_2&#8243; _builder_version=\u00bb3.0.47&#8243; parallax=\u00bboff\u00bb parallax_method=\u00bbon\u00bb][et_pb_text _builder_version=\u00bb3.19.1&#8243;]<\/p>\n<h3><span style=\"color: #e1201b;\"><a href=\"https:\/\/aceitunasvegatoro.com\/productos-vegatoro\/\">Productos<\/a> |<a href=\"https:\/\/aceitunasvegatoro.com\/nuestra-empresa\/\"> Nuestra empresa<\/a> | <a href=\"https:\/\/aceitunasvegatoro.com\/vision-mision-y-valores\/\">Visi\u00f3n<\/a> | <a href=\"https:\/\/aceitunasvegatoro.com\/certificaciones\/\">Certificaciones<\/a><br \/><\/span><\/h3>\n<p>[\/et_pb_text][\/et_pb_column][et_pb_column type=\u00bb1_2&#8243; _builder_version=\u00bb3.0.47&#8243; parallax=\u00bboff\u00bb parallax_method=\u00bbon\u00bb][et_pb_text _builder_version=\u00bb3.19.1&#8243;]<\/p>\n<p><a href=\"https:\/\/aceitunasvegatoro.com\/politica-de-privacidad\/\">Aviso Lega<\/a><span style=\"color: #e1201b;\">l\u00a0 \u00a9 Copyright 2020 Vegatoro Gourmet 2020 \u00a0 &#8211; Dise\u00f1o web:\u00a0<\/span><\/p>\n<p><a href=\"http:\/\/www.artechavo.es\/\"><img decoding=\"async\" class=\"wp-image-304 lazyload\" data-src=\"https:\/\/aceitunasvegatoro.com\/wp-content\/uploads\/2020\/05\/Logo-artechavo-web-Blanco-300x46.png\" alt=\"Logo artechavo web vegatoro\" width=\"98\" height=\"15\" data-srcset=\"https:\/\/aceitunasvegatoro.com\/wp-content\/uploads\/2020\/05\/Logo-artechavo-web-Blanco-300x46.png 300w, https:\/\/aceitunasvegatoro.com\/wp-content\/uploads\/2020\/05\/Logo-artechavo-web-Blanco-980x150.png 980w, https:\/\/aceitunasvegatoro.com\/wp-content\/uploads\/2020\/05\/Logo-artechavo-web-Blanco-768x118.png 768w, https:\/\/aceitunasvegatoro.com\/wp-content\/uploads\/2020\/05\/Logo-artechavo-web-Blanco-1536x235.png 1536w, https:\/\/aceitunasvegatoro.com\/wp-content\/uploads\/2020\/05\/Logo-artechavo-web-Blanco-1080x166.png 1080w, https:\/\/aceitunasvegatoro.com\/wp-content\/uploads\/2020\/05\/Logo-artechavo-web-Blanco.png 1618w\" data-sizes=\"(max-width: 98px) 100vw, 98px\" src=\"data:image\/svg+xml;base64,PHN2ZyB3aWR0aD0iMSIgaGVpZ2h0PSIxIiB4bWxucz0iaHR0cDovL3d3dy53My5vcmcvMjAwMC9zdmciPjwvc3ZnPg==\" style=\"--smush-placeholder-width: 98px; --smush-placeholder-aspect-ratio: 98\/15;\" \/><\/a><\/p>\n<p>[\/et_pb_text][\/et_pb_column][\/et_pb_row][\/et_pb_section]<\/p>\n","protected":false},"excerpt":{"rendered":"<p>[et_pb_section fb_built=\u00bb1&#8243; _builder_version=\u00bb3.0.47&#8243;][et_pb_row _builder_version=\u00bb3.0.48&#8243; background_size=\u00bbinitial\u00bb background_position=\u00bbtop_left\u00bb background_repeat=\u00bbrepeat\u00bb][et_pb_column type=\u00bb4_4&#8243; _builder_version=\u00bb3.0.47&#8243; parallax=\u00bboff\u00bb parallax_method=\u00bbon\u00bb][et_pb_image src=\u00bbhttps:\/\/aceitunasvegatoro.com\/wp-content\/uploads\/2020\/05\/Portada-vision.png\u00bb _builder_version=\u00bb3.19.1&#8243;][\/et_pb_image][\/et_pb_column][\/et_pb_row][\/et_pb_section][et_pb_section fb_built=\u00bb1&#8243; _builder_version=\u00bb3.0.47&#8243;][et_pb_row _builder_version=\u00bb3.0.48&#8243; background_size=\u00bbinitial\u00bb background_position=\u00bbtop_left\u00bb background_repeat=\u00bbrepeat\u00bb][et_pb_column type=\u00bb1_2&#8243; _builder_version=\u00bb3.0.47&#8243; parallax=\u00bboff\u00bb parallax_method=\u00bbon\u00bb][et_pb_text _builder_version=\u00bb3.19.1&#8243; border_width_bottom=\u00bb14px\u00bb border_color_bottom=\u00bb#e1201b\u00bb] Poder llevar la innovaci\u00f3n y calidadde la mejor aceituna de Andaluc\u00eda es lo que empuja y hace Vegatoro donde est\u00e1. Poder promover una alimentaci\u00f3n sana, naturaly ofrecer al cliente [&hellip;]<\/p>\n","protected":false},"author":2,"featured_media":164,"parent":0,"menu_order":0,"comment_status":"closed","ping_status":"closed","template":"","meta":{"_et_pb_use_builder":"on","_et_pb_old_content":"","_exactmetrics_skip_tracking":false,"_exactmetrics_sitenote_active":false,"_exactmetrics_sitenote_note":"","_exactmetrics_sitenote_category":0,"footnotes":""},"class_list":["post-173","page","type-page","status-publish","has-post-thumbnail","hentry"],"yoast_head":"<!-- This site is optimized with the Yoast SEO plugin v27.3 - https:\/\/yoast.com\/product\/yoast-seo-wordpress\/ -->\n<title>Visi\u00f3n, misi\u00f3n y valores - Aceitunas Vegatoro Gourmet<\/title>\n<meta name=\"robots\" content=\"index, follow, max-snippet:-1, max-image-preview:large, max-video-preview:-1\" \/>\n<link rel=\"canonical\" href=\"https:\/\/aceitunasvegatoro.com\/?page_id=173\" \/>\n<meta property=\"og:locale\" content=\"es_ES\" \/>\n<meta property=\"og:type\" content=\"article\" \/>\n<meta property=\"og:title\" content=\"Visi\u00f3n, misi\u00f3n y valores - Aceitunas Vegatoro Gourmet\" \/>\n<meta property=\"og:description\" content=\"[et_pb_section fb_built=\u00bb1&#8243; _builder_version=\u00bb3.0.47&#8243;][et_pb_row _builder_version=\u00bb3.0.48&#8243; background_size=\u00bbinitial\u00bb background_position=\u00bbtop_left\u00bb background_repeat=\u00bbrepeat\u00bb][et_pb_column type=\u00bb4_4&#8243; _builder_version=\u00bb3.0.47&#8243; parallax=\u00bboff\u00bb parallax_method=\u00bbon\u00bb][et_pb_image src=\u00bbhttps:\/\/aceitunasvegatoro.com\/wp-content\/uploads\/2020\/05\/Portada-vision.png\u00bb _builder_version=\u00bb3.19.1&#8243;][\/et_pb_image][\/et_pb_column][\/et_pb_row][\/et_pb_section][et_pb_section fb_built=\u00bb1&#8243; _builder_version=\u00bb3.0.47&#8243;][et_pb_row _builder_version=\u00bb3.0.48&#8243; background_size=\u00bbinitial\u00bb background_position=\u00bbtop_left\u00bb background_repeat=\u00bbrepeat\u00bb][et_pb_column type=\u00bb1_2&#8243; _builder_version=\u00bb3.0.47&#8243; parallax=\u00bboff\u00bb parallax_method=\u00bbon\u00bb][et_pb_text _builder_version=\u00bb3.19.1&#8243; border_width_bottom=\u00bb14px\u00bb border_color_bottom=\u00bb#e1201b\u00bb] Poder llevar la innovaci\u00f3n y calidadde la mejor aceituna de Andaluc\u00eda es lo que empuja y hace Vegatoro donde est\u00e1. Poder promover una alimentaci\u00f3n sana, naturaly ofrecer al cliente [&hellip;]\" \/>\n<meta property=\"og:url\" content=\"https:\/\/aceitunasvegatoro.com\/?page_id=173\" \/>\n<meta property=\"og:site_name\" content=\"Aceitunas Vegatoro Gourmet\" \/>\n<meta property=\"article:modified_time\" content=\"2020-05-14T09:12:10+00:00\" \/>\n<meta property=\"og:image\" content=\"https:\/\/aceitunasvegatoro.com\/wp-content\/uploads\/2020\/05\/Portada-nuestra-Visi\u00f3n.png\" \/>\n\t<meta property=\"og:image:width\" content=\"1660\" \/>\n\t<meta property=\"og:image:height\" content=\"1126\" \/>\n\t<meta property=\"og:image:type\" content=\"image\/png\" \/>\n<meta name=\"twitter:card\" content=\"summary_large_image\" \/>\n<meta name=\"twitter:label1\" content=\"Est. reading time\" \/>\n\t<meta name=\"twitter:data1\" content=\"3 minutos\" \/>\n<script type=\"application\/ld+json\" class=\"yoast-schema-graph\">{\"@context\":\"https:\\\/\\\/schema.org\",\"@graph\":[{\"@type\":\"WebPage\",\"@id\":\"https:\\\/\\\/aceitunasvegatoro.com\\\/?page_id=173\",\"url\":\"https:\\\/\\\/aceitunasvegatoro.com\\\/?page_id=173\",\"name\":\"Visi\u00f3n, misi\u00f3n y valores - Aceitunas Vegatoro Gourmet\",\"isPartOf\":{\"@id\":\"https:\\\/\\\/aceitunasvegatoro.com\\\/#website\"},\"primaryImageOfPage\":{\"@id\":\"https:\\\/\\\/aceitunasvegatoro.com\\\/?page_id=173#primaryimage\"},\"image\":{\"@id\":\"https:\\\/\\\/aceitunasvegatoro.com\\\/?page_id=173#primaryimage\"},\"thumbnailUrl\":\"https:\\\/\\\/aceitunasvegatoro.com\\\/wp-content\\\/uploads\\\/2020\\\/05\\\/Portada-nuestra-Visi\u00f3n.png\",\"datePublished\":\"2020-05-09T16:44:29+00:00\",\"dateModified\":\"2020-05-14T09:12:10+00:00\",\"breadcrumb\":{\"@id\":\"https:\\\/\\\/aceitunasvegatoro.com\\\/?page_id=173#breadcrumb\"},\"inLanguage\":\"es\",\"potentialAction\":[{\"@type\":\"ReadAction\",\"target\":[\"https:\\\/\\\/aceitunasvegatoro.com\\\/?page_id=173\"]}]},{\"@type\":\"ImageObject\",\"inLanguage\":\"es\",\"@id\":\"https:\\\/\\\/aceitunasvegatoro.com\\\/?page_id=173#primaryimage\",\"url\":\"https:\\\/\\\/aceitunasvegatoro.com\\\/wp-content\\\/uploads\\\/2020\\\/05\\\/Portada-nuestra-Visi\u00f3n.png\",\"contentUrl\":\"https:\\\/\\\/aceitunasvegatoro.com\\\/wp-content\\\/uploads\\\/2020\\\/05\\\/Portada-nuestra-Visi\u00f3n.png\",\"width\":1660,\"height\":1126},{\"@type\":\"BreadcrumbList\",\"@id\":\"https:\\\/\\\/aceitunasvegatoro.com\\\/?page_id=173#breadcrumb\",\"itemListElement\":[{\"@type\":\"ListItem\",\"position\":1,\"name\":\"Portada\",\"item\":\"https:\\\/\\\/aceitunasvegatoro.com\\\/\"},{\"@type\":\"ListItem\",\"position\":2,\"name\":\"Visi\u00f3n, misi\u00f3n y valores\"}]},{\"@type\":\"WebSite\",\"@id\":\"https:\\\/\\\/aceitunasvegatoro.com\\\/#website\",\"url\":\"https:\\\/\\\/aceitunasvegatoro.com\\\/\",\"name\":\"Aceitunas Vegatoro Gourmet\",\"description\":\"Fabricaci\u00f3n de aceitunas y encurtidos.\",\"potentialAction\":[{\"@type\":\"SearchAction\",\"target\":{\"@type\":\"EntryPoint\",\"urlTemplate\":\"https:\\\/\\\/aceitunasvegatoro.com\\\/?s={search_term_string}\"},\"query-input\":{\"@type\":\"PropertyValueSpecification\",\"valueRequired\":true,\"valueName\":\"search_term_string\"}}],\"inLanguage\":\"es\"}]}<\/script>\n<!-- \/ Yoast SEO plugin. -->","yoast_head_json":{"title":"Visi\u00f3n, misi\u00f3n y valores - Aceitunas Vegatoro Gourmet","robots":{"index":"index","follow":"follow","max-snippet":"max-snippet:-1","max-image-preview":"max-image-preview:large","max-video-preview":"max-video-preview:-1"},"canonical":"https:\/\/aceitunasvegatoro.com\/?page_id=173","og_locale":"es_ES","og_type":"article","og_title":"Visi\u00f3n, misi\u00f3n y valores - Aceitunas Vegatoro Gourmet","og_description":"[et_pb_section fb_built=\u00bb1&#8243; _builder_version=\u00bb3.0.47&#8243;][et_pb_row _builder_version=\u00bb3.0.48&#8243; background_size=\u00bbinitial\u00bb background_position=\u00bbtop_left\u00bb background_repeat=\u00bbrepeat\u00bb][et_pb_column type=\u00bb4_4&#8243; _builder_version=\u00bb3.0.47&#8243; parallax=\u00bboff\u00bb parallax_method=\u00bbon\u00bb][et_pb_image src=\u00bbhttps:\/\/aceitunasvegatoro.com\/wp-content\/uploads\/2020\/05\/Portada-vision.png\u00bb _builder_version=\u00bb3.19.1&#8243;][\/et_pb_image][\/et_pb_column][\/et_pb_row][\/et_pb_section][et_pb_section fb_built=\u00bb1&#8243; _builder_version=\u00bb3.0.47&#8243;][et_pb_row _builder_version=\u00bb3.0.48&#8243; background_size=\u00bbinitial\u00bb background_position=\u00bbtop_left\u00bb background_repeat=\u00bbrepeat\u00bb][et_pb_column type=\u00bb1_2&#8243; _builder_version=\u00bb3.0.47&#8243; parallax=\u00bboff\u00bb parallax_method=\u00bbon\u00bb][et_pb_text _builder_version=\u00bb3.19.1&#8243; border_width_bottom=\u00bb14px\u00bb border_color_bottom=\u00bb#e1201b\u00bb] Poder llevar la innovaci\u00f3n y calidadde la mejor aceituna de Andaluc\u00eda es lo que empuja y hace Vegatoro donde est\u00e1. Poder promover una alimentaci\u00f3n sana, naturaly ofrecer al cliente [&hellip;]","og_url":"https:\/\/aceitunasvegatoro.com\/?page_id=173","og_site_name":"Aceitunas Vegatoro Gourmet","article_modified_time":"2020-05-14T09:12:10+00:00","og_image":[{"width":1660,"height":1126,"url":"https:\/\/aceitunasvegatoro.com\/wp-content\/uploads\/2020\/05\/Portada-nuestra-Visi\u00f3n.png","type":"image\/png"}],"twitter_card":"summary_large_image","twitter_misc":{"Est. reading time":"3 minutos"},"schema":{"@context":"https:\/\/schema.org","@graph":[{"@type":"WebPage","@id":"https:\/\/aceitunasvegatoro.com\/?page_id=173","url":"https:\/\/aceitunasvegatoro.com\/?page_id=173","name":"Visi\u00f3n, misi\u00f3n y valores - Aceitunas Vegatoro Gourmet","isPartOf":{"@id":"https:\/\/aceitunasvegatoro.com\/#website"},"primaryImageOfPage":{"@id":"https:\/\/aceitunasvegatoro.com\/?page_id=173#primaryimage"},"image":{"@id":"https:\/\/aceitunasvegatoro.com\/?page_id=173#primaryimage"},"thumbnailUrl":"https:\/\/aceitunasvegatoro.com\/wp-content\/uploads\/2020\/05\/Portada-nuestra-Visi\u00f3n.png","datePublished":"2020-05-09T16:44:29+00:00","dateModified":"2020-05-14T09:12:10+00:00","breadcrumb":{"@id":"https:\/\/aceitunasvegatoro.com\/?page_id=173#breadcrumb"},"inLanguage":"es","potentialAction":[{"@type":"ReadAction","target":["https:\/\/aceitunasvegatoro.com\/?page_id=173"]}]},{"@type":"ImageObject","inLanguage":"es","@id":"https:\/\/aceitunasvegatoro.com\/?page_id=173#primaryimage","url":"https:\/\/aceitunasvegatoro.com\/wp-content\/uploads\/2020\/05\/Portada-nuestra-Visi\u00f3n.png","contentUrl":"https:\/\/aceitunasvegatoro.com\/wp-content\/uploads\/2020\/05\/Portada-nuestra-Visi\u00f3n.png","width":1660,"height":1126},{"@type":"BreadcrumbList","@id":"https:\/\/aceitunasvegatoro.com\/?page_id=173#breadcrumb","itemListElement":[{"@type":"ListItem","position":1,"name":"Portada","item":"https:\/\/aceitunasvegatoro.com\/"},{"@type":"ListItem","position":2,"name":"Visi\u00f3n, misi\u00f3n y valores"}]},{"@type":"WebSite","@id":"https:\/\/aceitunasvegatoro.com\/#website","url":"https:\/\/aceitunasvegatoro.com\/","name":"Aceitunas Vegatoro Gourmet","description":"Fabricaci\u00f3n de aceitunas y encurtidos.","potentialAction":[{"@type":"SearchAction","target":{"@type":"EntryPoint","urlTemplate":"https:\/\/aceitunasvegatoro.com\/?s={search_term_string}"},"query-input":{"@type":"PropertyValueSpecification","valueRequired":true,"valueName":"search_term_string"}}],"inLanguage":"es"}]}},"_links":{"self":[{"href":"https:\/\/aceitunasvegatoro.com\/index.php?rest_route=\/wp\/v2\/pages\/173","targetHints":{"allow":["GET"]}}],"collection":[{"href":"https:\/\/aceitunasvegatoro.com\/index.php?rest_route=\/wp\/v2\/pages"}],"about":[{"href":"https:\/\/aceitunasvegatoro.com\/index.php?rest_route=\/wp\/v2\/types\/page"}],"author":[{"embeddable":true,"href":"https:\/\/aceitunasvegatoro.com\/index.php?rest_route=\/wp\/v2\/users\/2"}],"replies":[{"embeddable":true,"href":"https:\/\/aceitunasvegatoro.com\/index.php?rest_route=%2Fwp%2Fv2%2Fcomments&post=173"}],"version-history":[{"count":5,"href":"https:\/\/aceitunasvegatoro.com\/index.php?rest_route=\/wp\/v2\/pages\/173\/revisions"}],"predecessor-version":[{"id":432,"href":"https:\/\/aceitunasvegatoro.com\/index.php?rest_route=\/wp\/v2\/pages\/173\/revisions\/432"}],"wp:featuredmedia":[{"embeddable":true,"href":"https:\/\/aceitunasvegatoro.com\/index.php?rest_route=\/wp\/v2\/media\/164"}],"wp:attachment":[{"href":"https:\/\/aceitunasvegatoro.com\/index.php?rest_route=%2Fwp%2Fv2%2Fmedia&parent=173"}],"curies":[{"name":"wp","href":"https:\/\/api.w.org\/{rel}","templated":true}]}}