{"id":167,"date":"2020-05-09T16:41:11","date_gmt":"2020-05-09T16:41:11","guid":{"rendered":"https:\/\/aceitunasvegatoro.com\/?page_id=167"},"modified":"2020-05-14T09:09:23","modified_gmt":"2020-05-14T09:09:23","slug":"nuestra-empresa-vegatoro","status":"publish","type":"page","link":"https:\/\/aceitunasvegatoro.com\/?page_id=167","title":{"rendered":"Nuestra empresa"},"content":{"rendered":"<p>[et_pb_section bb_built=\u00bb1&#8243; _builder_version=\u00bb3.0.47&#8243; next_background_color=\u00bb#000000&#8243;][et_pb_row _builder_version=\u00bb3.0.48&#8243; background_size=\u00bbinitial\u00bb background_position=\u00bbtop_left\u00bb background_repeat=\u00bbrepeat\u00bb][et_pb_column type=\u00bb4_4&#8243;][et_pb_image src=\u00bbhttps:\/\/aceitunasvegatoro.com\/wp-content\/uploads\/2020\/05\/Portada-empre.png\u00bb _builder_version=\u00bb3.19.1&#8243;]<\/p>\n<p>[\/et_pb_image][\/et_pb_column][\/et_pb_row][\/et_pb_section][et_pb_section bb_built=\u00bb1&#8243; _builder_version=\u00bb3.0.47&#8243; prev_background_color=\u00bb#000000&#8243; next_background_color=\u00bb#000000&#8243;][et_pb_row _builder_version=\u00bb3.0.48&#8243; background_size=\u00bbinitial\u00bb background_position=\u00bbtop_left\u00bb background_repeat=\u00bbrepeat\u00bb][et_pb_column type=\u00bb4_4&#8243;][et_pb_text _builder_version=\u00bb3.19.1&#8243;]<\/p>\n<h1><span style=\"color: #ff0000;\">Veagtoro Gourmet<\/span><\/h1>\n<h2>Fabricantes y exportadores de aceitunas y conservas.<\/h2>\n<p>La empresa familiar<strong> Conservas Toro L\u00f3pez<\/strong>, empez\u00f3 su andadura<br \/>empresarial en la elaboraci\u00f3n, fabricaci\u00f3n y exportaci\u00f3n de <br \/>aceitunas y encurtidos en 2001 bajo la marca VEGATORO Gourmet.<\/p>\n<p>En la actualidad, nuestra l\u00ednea de productos va m\u00e1s all\u00e1 de las <strong>aceitunas y<\/strong><br \/><strong>encurtidos<\/strong>, contamos con una l\u00ednea de conservas vegetales. Adem\u00e1s de <br \/>encontrarse en una continua fase de I+D desarrollo e innovaci\u00f3n de <br \/>nuevos sabores y productos con la finalidad de satisfacer y sorprender los<br \/>paladares m\u00e1s exigentes de todo el mundo.<br \/>Somos especialistas en la fabricaci\u00f3n de aceitunas rellenas<br \/>naturales, entre ellas destacan las aceitunas Gordales Rellena de Ajo a las<br \/>finas hierbas, aceitunas gordales rellena de pepinillo a la mostaza. Etc<\/p>\n<p>Adem\u00e1s en Vegatoro fuimos PIONEROS en sacar al mercado las <strong>aceitunas <\/strong><br \/><strong>Caramelizadas<\/strong> rellenas de fruta natural, como Aceitunas gordales rellena de d\u00e1til, <br \/>aceitunas gordales rellena de Higo, Aceitunas gordales rellena de ar\u00e1ndano entre<br \/>otras.<\/p>\n<p>Entre sus actuales propuestas cabe destacar adem\u00e1s de las ya<br \/>mencionadas aceitunas, los encurtidos y esp\u00e1rrago nacional.<br \/>Todo ello elaborado con productos naturales de m\u00e1xima calidad.<br \/>Como fabricantes de aceitunas y encurtidos, nos encontramos en el<br \/>coraz\u00f3n de Andaluc\u00eda, Hu\u00e9tor T\u00f1\u00e1jar. Un enclave inmejorable a los<br \/>pies de Granada.<\/p>\n<p>Actualmente, es posible encontrar nuestros productos, ya sea<br \/>con nuestra marca o con marca blanca en m\u00e1s de 25 pa\u00edses. Una estrategia <br \/>geolocalizada globalmente que nos sit\u00faa como una de las empresas m\u00e1s<br \/>relevantes en la importaci\u00f3n alimentaria de Andaluc\u00eda y Espa\u00f1a.<\/p>\n<p>[\/et_pb_text][\/et_pb_column][\/et_pb_row][\/et_pb_section][et_pb_section bb_built=\u00bb1&#8243; _builder_version=\u00bb3.0.47&#8243; prev_background_color=\u00bb#000000&#8243; next_background_color=\u00bb#000000&#8243;][et_pb_row _builder_version=\u00bb3.0.48&#8243; background_size=\u00bbinitial\u00bb background_position=\u00bbtop_left\u00bb background_repeat=\u00bbrepeat\u00bb][et_pb_column type=\u00bb4_4&#8243;][et_pb_divider divider_weight=\u00bb33&#8243; _builder_version=\u00bb3.19.1&#8243;]<\/p>\n<p>[\/et_pb_divider][\/et_pb_column][\/et_pb_row][\/et_pb_section][et_pb_section bb_built=\u00bb1&#8243; fullwidth=\u00bbon\u00bb _builder_version=\u00bb3.0.47&#8243; prev_background_color=\u00bb#000000&#8243; next_background_color=\u00bb#000000&#8243;][et_pb_fullwidth_slider _builder_version=\u00bb3.19.1&#8243;][et_pb_slide use_bg_overlay=\u00bboff\u00bb use_text_overlay=\u00bboff\u00bb _builder_version=\u00bb3.19.1&#8243; background_image=\u00bbhttps:\/\/aceitunasvegatoro.com\/wp-content\/uploads\/2020\/05\/Aceitunas.png\u00bb parallax=\u00bbon\u00bb button_on_hover=\u00bbon\u00bb button_link=\u00bb#\u00bb url_new_window=\u00bboff\u00bb link_option_url_new_window=\u00bboff\u00bb background_color=\u00bb#e1201b\u00bb use_background_color_gradient=\u00bboff\u00bb background_color_gradient_start=\u00bb#2b87da\u00bb background_color_gradient_end=\u00bb#29c4a9&#8243; background_color_gradient_type=\u00bblinear\u00bb background_color_gradient_direction=\u00bb180deg\u00bb background_color_gradient_direction_radial=\u00bbcenter\u00bb background_color_gradient_start_position=\u00bb0%\u00bb background_color_gradient_end_position=\u00bb100%\u00bb background_color_gradient_overlays_image=\u00bboff\u00bb parallax_method=\u00bbon\u00bb background_size=\u00bbcover\u00bb background_position=\u00bbcenter\u00bb background_repeat=\u00bbno-repeat\u00bb background_blend=\u00bbnormal\u00bb allow_player_pause=\u00bboff\u00bb background_video_pause_outside_viewport=\u00bbon\u00bb text_border_radius=\u00bb3&#8243; alignment=\u00bbcenter\u00bb child_filter_hue_rotate=\u00bb0deg\u00bb child_filter_saturate=\u00bb100%\u00bb child_filter_brightness=\u00bb100%\u00bb child_filter_contrast=\u00bb100%\u00bb child_filter_invert=\u00bb0%\u00bb child_filter_sepia=\u00bb0%\u00bb child_filter_opacity=\u00bb100%\u00bb child_filter_blur=\u00bb0px\u00bb child_mix_blend_mode=\u00bbnormal\u00bb background_layout=\u00bbdark\u00bb text_shadow_style=\u00bbnone\u00bb header_text_shadow_style=\u00bbnone\u00bb body_text_shadow_style=\u00bbnone\u00bb custom_button=\u00bboff\u00bb button_bg_use_color_gradient=\u00bboff\u00bb button_bg_color_gradient_overlays_image=\u00bboff\u00bb button_use_icon=\u00bbon\u00bb button_text_shadow_style=\u00bbnone\u00bb box_shadow_style_button=\u00bbnone\u00bb hover_transition_duration=\u00bb300ms\u00bb hover_transition_delay=\u00bb0ms\u00bb hover_transition_speed_curve=\u00bbease\u00bb \/][\/et_pb_fullwidth_slider][\/et_pb_section][et_pb_section bb_built=\u00bb1&#8243; _builder_version=\u00bb3.0.47&#8243; prev_background_color=\u00bb#000000&#8243; next_background_color=\u00bb#000000&#8243;][et_pb_row _builder_version=\u00bb3.0.48&#8243; background_size=\u00bbinitial\u00bb background_position=\u00bbtop_left\u00bb background_repeat=\u00bbrepeat\u00bb][et_pb_column type=\u00bb4_4&#8243;][et_pb_image src=\u00bbhttps:\/\/aceitunasvegatoro.com\/wp-content\/uploads\/2020\/05\/Cronologia-a\u00f1os.png\u00bb _builder_version=\u00bb3.19.1&#8243;]<\/p>\n<p>[\/et_pb_image][\/et_pb_column][\/et_pb_row][\/et_pb_section][et_pb_section bb_built=\u00bb1&#8243; _builder_version=\u00bb3.0.47&#8243; prev_background_color=\u00bb#000000&#8243; next_background_color=\u00bb#000000&#8243;][et_pb_row _builder_version=\u00bb3.0.48&#8243; background_size=\u00bbinitial\u00bb background_position=\u00bbtop_left\u00bb background_repeat=\u00bbrepeat\u00bb][et_pb_column type=\u00bb4_4&#8243;][et_pb_divider divider_weight=\u00bb22&#8243; _builder_version=\u00bb3.19.1&#8243;]<\/p>\n<p>[\/et_pb_divider][\/et_pb_column][\/et_pb_row][\/et_pb_section][et_pb_section bb_built=\u00bb1&#8243; _builder_version=\u00bb3.19.1&#8243; background_color=\u00bb#000000&#8243; prev_background_color=\u00bb#ffffff\u00bb next_background_color=\u00bb#ffffff\u00bb][et_pb_row _builder_version=\u00bb3.19.1&#8243; use_custom_width=\u00bbon\u00bb custom_width_px=\u00bb963px\u00bb use_custom_gutter=\u00bbon\u00bb gutter_width=\u00bb4&#8243; make_equal=\u00bbon\u00bb][et_pb_column type=\u00bb1_2&#8243;][et_pb_text _builder_version=\u00bb3.19.1&#8243;]<\/p>\n<p>Actualmente, es posible encontrar nuestros productos, ya sea<br \/>con nuestra marca o con marca blanca en m\u00e1s de 25 pa\u00edses. Una estrategia <br \/>geolocalizada globalmente que nos sit\u00faa como una de las empresas m\u00e1s<br \/>relevantes en la importaci\u00f3n alimentaria de Andaluc\u00eda y Espa\u00f1a.<\/p>\n<p>[\/et_pb_text][\/et_pb_column][et_pb_column type=\u00bb1_2&#8243;][et_pb_image show_in_lightbox=\u00bbon\u00bb force_fullwidth=\u00bbon\u00bb src=\u00bbhttps:\/\/aceitunasvegatoro.com\/wp-content\/uploads\/2020\/05\/Portada-paises.png\u00bb _builder_version=\u00bb3.19.1&#8243; custom_padding=\u00bb0px||1px\u00bb]<\/p>\n<p>[\/et_pb_image][\/et_pb_column][\/et_pb_row][\/et_pb_section][et_pb_section bb_built=\u00bb1&#8243; _builder_version=\u00bb3.19.1&#8243; custom_padding=\u00bb0|0px|0|0px|false|false\u00bb next_background_color=\u00bb#000000&#8243; border_width_top=\u00bb8px\u00bb border_color_top=\u00bb#e1201b\u00bb global_module=\u00bb394&#8243; prev_background_color=\u00bb#000000&#8243;][et_pb_row global_parent=\u00bb394&#8243; _builder_version=\u00bb3.0.47&#8243; background_size=\u00bbinitial\u00bb background_position=\u00bbtop_left\u00bb background_repeat=\u00bbrepeat\u00bb custom_padding=\u00bb0|0px|0|0px|false|false\u00bb][et_pb_column type=\u00bb1_2&#8243;][et_pb_blurb global_parent=\u00bb394&#8243; image=\u00bbhttps:\/\/aceitunasvegatoro.com\/wp-content\/uploads\/2020\/05\/Medallas.png\u00bb _builder_version=\u00bb3.19.1&#8243; \/][\/et_pb_column][et_pb_column type=\u00bb1_2&#8243;][et_pb_blurb global_parent=\u00bb394&#8243; image=\u00bbhttps:\/\/aceitunasvegatoro.com\/wp-content\/uploads\/2020\/05\/Certificados-footer.png\u00bb _builder_version=\u00bb3.19.1&#8243; \/][\/et_pb_column][\/et_pb_row][\/et_pb_section][et_pb_section bb_built=\u00bb1&#8243; _builder_version=\u00bb3.19.1&#8243; background_color=\u00bb#000000&#8243; custom_padding=\u00bb0|0px|0|0px|false|false\u00bb prev_background_color=\u00bb#ffffff\u00bb global_module=\u00bb198&#8243;][et_pb_row global_parent=\u00bb198&#8243; custom_padding=\u00bb32px|0px|27px|0px|false|false\u00bb _builder_version=\u00bb3.0.47&#8243; background_size=\u00bbinitial\u00bb background_position=\u00bbtop_left\u00bb background_repeat=\u00bbrepeat\u00bb][et_pb_column type=\u00bb1_2&#8243;][et_pb_text global_parent=\u00bb198&#8243; _builder_version=\u00bb3.19.1&#8243;]<\/p>\n<h3><span style=\"color: #e1201b;\"><a href=\"https:\/\/aceitunasvegatoro.com\/productos-vegatoro\/\">Productos<\/a> |<a href=\"https:\/\/aceitunasvegatoro.com\/nuestra-empresa\/\"> Nuestra empresa<\/a> | <a href=\"https:\/\/aceitunasvegatoro.com\/vision-mision-y-valores\/\">Visi\u00f3n<\/a> | <a href=\"https:\/\/aceitunasvegatoro.com\/certificaciones\/\">Certificaciones<\/a><br \/><\/span><\/h3>\n<p>[\/et_pb_text][\/et_pb_column][et_pb_column type=\u00bb1_2&#8243;][et_pb_text global_parent=\u00bb198&#8243; _builder_version=\u00bb3.19.1&#8243;]<\/p>\n<p><a href=\"https:\/\/aceitunasvegatoro.com\/politica-de-privacidad\/\">Aviso Lega<\/a><span style=\"color: #e1201b;\">l\u00a0 \u00a9 Copyright 2020 Vegatoro Gourmet 2020 \u00a0 &#8211; Dise\u00f1o web:\u00a0<\/span><\/p>\n<p><a href=\"http:\/\/www.artechavo.es\/\"><img decoding=\"async\" class=\"wp-image-304 lazyload\" data-src=\"https:\/\/aceitunasvegatoro.com\/wp-content\/uploads\/2020\/05\/Logo-artechavo-web-Blanco-300x46.png\" alt=\"Logo artechavo web vegatoro\" width=\"98\" height=\"15\" data-srcset=\"https:\/\/aceitunasvegatoro.com\/wp-content\/uploads\/2020\/05\/Logo-artechavo-web-Blanco-300x46.png 300w, https:\/\/aceitunasvegatoro.com\/wp-content\/uploads\/2020\/05\/Logo-artechavo-web-Blanco-980x150.png 980w, https:\/\/aceitunasvegatoro.com\/wp-content\/uploads\/2020\/05\/Logo-artechavo-web-Blanco-768x118.png 768w, https:\/\/aceitunasvegatoro.com\/wp-content\/uploads\/2020\/05\/Logo-artechavo-web-Blanco-1536x235.png 1536w, https:\/\/aceitunasvegatoro.com\/wp-content\/uploads\/2020\/05\/Logo-artechavo-web-Blanco-1080x166.png 1080w, https:\/\/aceitunasvegatoro.com\/wp-content\/uploads\/2020\/05\/Logo-artechavo-web-Blanco.png 1618w\" data-sizes=\"(max-width: 98px) 100vw, 98px\" src=\"data:image\/svg+xml;base64,PHN2ZyB3aWR0aD0iMSIgaGVpZ2h0PSIxIiB4bWxucz0iaHR0cDovL3d3dy53My5vcmcvMjAwMC9zdmciPjwvc3ZnPg==\" style=\"--smush-placeholder-width: 98px; --smush-placeholder-aspect-ratio: 98\/15;\" \/><\/a><\/p>\n<p>[\/et_pb_text][\/et_pb_column][\/et_pb_row][\/et_pb_section]<\/p>\n","protected":false},"excerpt":{"rendered":"<p>[et_pb_section bb_built=\u00bb1&#8243; _builder_version=\u00bb3.0.47&#8243; next_background_color=\u00bb#000000&#8243;][et_pb_row _builder_version=\u00bb3.0.48&#8243; background_size=\u00bbinitial\u00bb background_position=\u00bbtop_left\u00bb background_repeat=\u00bbrepeat\u00bb][et_pb_column type=\u00bb4_4&#8243;][et_pb_image src=\u00bbhttps:\/\/aceitunasvegatoro.com\/wp-content\/uploads\/2020\/05\/Portada-empre.png\u00bb _builder_version=\u00bb3.19.1&#8243;] [\/et_pb_image][\/et_pb_column][\/et_pb_row][\/et_pb_section][et_pb_section bb_built=\u00bb1&#8243; _builder_version=\u00bb3.0.47&#8243; prev_background_color=\u00bb#000000&#8243; next_background_color=\u00bb#000000&#8243;][et_pb_row _builder_version=\u00bb3.0.48&#8243; background_size=\u00bbinitial\u00bb background_position=\u00bbtop_left\u00bb background_repeat=\u00bbrepeat\u00bb][et_pb_column type=\u00bb4_4&#8243;][et_pb_text _builder_version=\u00bb3.19.1&#8243;] Veagtoro Gourmet Fabricantes y exportadores de aceitunas y conservas. La empresa familiar Conservas Toro L\u00f3pez, empez\u00f3 su andaduraempresarial en la elaboraci\u00f3n, fabricaci\u00f3n y exportaci\u00f3n de aceitunas y encurtidos en 2001 bajo la marca [&hellip;]<\/p>\n","protected":false},"author":2,"featured_media":165,"parent":0,"menu_order":0,"comment_status":"closed","ping_status":"closed","template":"","meta":{"_et_pb_use_builder":"on","_et_pb_old_content":"","_exactmetrics_skip_tracking":false,"_exactmetrics_sitenote_active":false,"_exactmetrics_sitenote_note":"","_exactmetrics_sitenote_category":0,"footnotes":""},"class_list":["post-167","page","type-page","status-publish","has-post-thumbnail","hentry"],"yoast_head":"<!-- This site is optimized with the Yoast SEO plugin v27.3 - https:\/\/yoast.com\/product\/yoast-seo-wordpress\/ -->\n<title>Nuestra empresa - Aceitunas Vegatoro Gourmet<\/title>\n<meta name=\"description\" content=\"La empresa familiar Conservas Toro L\u00f3pez, empez\u00f3 su andaduraempresarial en la elaboraci\u00f3n, fabricaci\u00f3n y exportaci\u00f3n deaceitunas y encurtidos en 2001...\" \/>\n<meta name=\"robots\" content=\"index, follow, max-snippet:-1, max-image-preview:large, max-video-preview:-1\" \/>\n<link rel=\"canonical\" href=\"https:\/\/aceitunasvegatoro.com\/?page_id=167\" \/>\n<meta property=\"og:locale\" content=\"es_ES\" \/>\n<meta property=\"og:type\" content=\"article\" \/>\n<meta property=\"og:title\" content=\"Nuestra empresa - Aceitunas Vegatoro Gourmet\" \/>\n<meta property=\"og:description\" content=\"La empresa familiar Conservas Toro L\u00f3pez, empez\u00f3 su andaduraempresarial en la elaboraci\u00f3n, fabricaci\u00f3n y exportaci\u00f3n deaceitunas y encurtidos en 2001...\" \/>\n<meta property=\"og:url\" content=\"https:\/\/aceitunasvegatoro.com\/?page_id=167\" \/>\n<meta property=\"og:site_name\" content=\"Aceitunas Vegatoro Gourmet\" \/>\n<meta property=\"article:modified_time\" content=\"2020-05-14T09:09:23+00:00\" \/>\n<meta property=\"og:image\" content=\"https:\/\/aceitunasvegatoro.com\/wp-content\/uploads\/2020\/05\/Portada-nuestra-empresa.png\" \/>\n\t<meta property=\"og:image:width\" content=\"1660\" \/>\n\t<meta property=\"og:image:height\" content=\"1126\" \/>\n\t<meta property=\"og:image:type\" content=\"image\/png\" \/>\n<meta name=\"twitter:card\" content=\"summary_large_image\" \/>\n<meta name=\"twitter:label1\" content=\"Est. reading time\" \/>\n\t<meta name=\"twitter:data1\" content=\"6 minutos\" \/>\n<script type=\"application\/ld+json\" class=\"yoast-schema-graph\">{\"@context\":\"https:\\\/\\\/schema.org\",\"@graph\":[{\"@type\":\"WebPage\",\"@id\":\"https:\\\/\\\/aceitunasvegatoro.com\\\/?page_id=167\",\"url\":\"https:\\\/\\\/aceitunasvegatoro.com\\\/?page_id=167\",\"name\":\"Nuestra empresa - Aceitunas Vegatoro Gourmet\",\"isPartOf\":{\"@id\":\"https:\\\/\\\/aceitunasvegatoro.com\\\/#website\"},\"primaryImageOfPage\":{\"@id\":\"https:\\\/\\\/aceitunasvegatoro.com\\\/?page_id=167#primaryimage\"},\"image\":{\"@id\":\"https:\\\/\\\/aceitunasvegatoro.com\\\/?page_id=167#primaryimage\"},\"thumbnailUrl\":\"https:\\\/\\\/aceitunasvegatoro.com\\\/wp-content\\\/uploads\\\/2020\\\/05\\\/Portada-nuestra-empresa.png\",\"datePublished\":\"2020-05-09T16:41:11+00:00\",\"dateModified\":\"2020-05-14T09:09:23+00:00\",\"description\":\"La empresa familiar Conservas Toro L\u00f3pez, empez\u00f3 su andaduraempresarial en la elaboraci\u00f3n, fabricaci\u00f3n y exportaci\u00f3n deaceitunas y encurtidos en 2001...\",\"breadcrumb\":{\"@id\":\"https:\\\/\\\/aceitunasvegatoro.com\\\/?page_id=167#breadcrumb\"},\"inLanguage\":\"es\",\"potentialAction\":[{\"@type\":\"ReadAction\",\"target\":[\"https:\\\/\\\/aceitunasvegatoro.com\\\/?page_id=167\"]}]},{\"@type\":\"ImageObject\",\"inLanguage\":\"es\",\"@id\":\"https:\\\/\\\/aceitunasvegatoro.com\\\/?page_id=167#primaryimage\",\"url\":\"https:\\\/\\\/aceitunasvegatoro.com\\\/wp-content\\\/uploads\\\/2020\\\/05\\\/Portada-nuestra-empresa.png\",\"contentUrl\":\"https:\\\/\\\/aceitunasvegatoro.com\\\/wp-content\\\/uploads\\\/2020\\\/05\\\/Portada-nuestra-empresa.png\",\"width\":1660,\"height\":1126},{\"@type\":\"BreadcrumbList\",\"@id\":\"https:\\\/\\\/aceitunasvegatoro.com\\\/?page_id=167#breadcrumb\",\"itemListElement\":[{\"@type\":\"ListItem\",\"position\":1,\"name\":\"Portada\",\"item\":\"https:\\\/\\\/aceitunasvegatoro.com\\\/\"},{\"@type\":\"ListItem\",\"position\":2,\"name\":\"Nuestra empresa\"}]},{\"@type\":\"WebSite\",\"@id\":\"https:\\\/\\\/aceitunasvegatoro.com\\\/#website\",\"url\":\"https:\\\/\\\/aceitunasvegatoro.com\\\/\",\"name\":\"Aceitunas Vegatoro Gourmet\",\"description\":\"Fabricaci\u00f3n de aceitunas y encurtidos.\",\"potentialAction\":[{\"@type\":\"SearchAction\",\"target\":{\"@type\":\"EntryPoint\",\"urlTemplate\":\"https:\\\/\\\/aceitunasvegatoro.com\\\/?s={search_term_string}\"},\"query-input\":{\"@type\":\"PropertyValueSpecification\",\"valueRequired\":true,\"valueName\":\"search_term_string\"}}],\"inLanguage\":\"es\"}]}<\/script>\n<!-- \/ Yoast SEO plugin. -->","yoast_head_json":{"title":"Nuestra empresa - Aceitunas Vegatoro Gourmet","description":"La empresa familiar Conservas Toro L\u00f3pez, empez\u00f3 su andaduraempresarial en la elaboraci\u00f3n, fabricaci\u00f3n y exportaci\u00f3n deaceitunas y encurtidos en 2001...","robots":{"index":"index","follow":"follow","max-snippet":"max-snippet:-1","max-image-preview":"max-image-preview:large","max-video-preview":"max-video-preview:-1"},"canonical":"https:\/\/aceitunasvegatoro.com\/?page_id=167","og_locale":"es_ES","og_type":"article","og_title":"Nuestra empresa - Aceitunas Vegatoro Gourmet","og_description":"La empresa familiar Conservas Toro L\u00f3pez, empez\u00f3 su andaduraempresarial en la elaboraci\u00f3n, fabricaci\u00f3n y exportaci\u00f3n deaceitunas y encurtidos en 2001...","og_url":"https:\/\/aceitunasvegatoro.com\/?page_id=167","og_site_name":"Aceitunas Vegatoro Gourmet","article_modified_time":"2020-05-14T09:09:23+00:00","og_image":[{"width":1660,"height":1126,"url":"https:\/\/aceitunasvegatoro.com\/wp-content\/uploads\/2020\/05\/Portada-nuestra-empresa.png","type":"image\/png"}],"twitter_card":"summary_large_image","twitter_misc":{"Est. reading time":"6 minutos"},"schema":{"@context":"https:\/\/schema.org","@graph":[{"@type":"WebPage","@id":"https:\/\/aceitunasvegatoro.com\/?page_id=167","url":"https:\/\/aceitunasvegatoro.com\/?page_id=167","name":"Nuestra empresa - Aceitunas Vegatoro Gourmet","isPartOf":{"@id":"https:\/\/aceitunasvegatoro.com\/#website"},"primaryImageOfPage":{"@id":"https:\/\/aceitunasvegatoro.com\/?page_id=167#primaryimage"},"image":{"@id":"https:\/\/aceitunasvegatoro.com\/?page_id=167#primaryimage"},"thumbnailUrl":"https:\/\/aceitunasvegatoro.com\/wp-content\/uploads\/2020\/05\/Portada-nuestra-empresa.png","datePublished":"2020-05-09T16:41:11+00:00","dateModified":"2020-05-14T09:09:23+00:00","description":"La empresa familiar Conservas Toro L\u00f3pez, empez\u00f3 su andaduraempresarial en la elaboraci\u00f3n, fabricaci\u00f3n y exportaci\u00f3n deaceitunas y encurtidos en 2001...","breadcrumb":{"@id":"https:\/\/aceitunasvegatoro.com\/?page_id=167#breadcrumb"},"inLanguage":"es","potentialAction":[{"@type":"ReadAction","target":["https:\/\/aceitunasvegatoro.com\/?page_id=167"]}]},{"@type":"ImageObject","inLanguage":"es","@id":"https:\/\/aceitunasvegatoro.com\/?page_id=167#primaryimage","url":"https:\/\/aceitunasvegatoro.com\/wp-content\/uploads\/2020\/05\/Portada-nuestra-empresa.png","contentUrl":"https:\/\/aceitunasvegatoro.com\/wp-content\/uploads\/2020\/05\/Portada-nuestra-empresa.png","width":1660,"height":1126},{"@type":"BreadcrumbList","@id":"https:\/\/aceitunasvegatoro.com\/?page_id=167#breadcrumb","itemListElement":[{"@type":"ListItem","position":1,"name":"Portada","item":"https:\/\/aceitunasvegatoro.com\/"},{"@type":"ListItem","position":2,"name":"Nuestra empresa"}]},{"@type":"WebSite","@id":"https:\/\/aceitunasvegatoro.com\/#website","url":"https:\/\/aceitunasvegatoro.com\/","name":"Aceitunas Vegatoro Gourmet","description":"Fabricaci\u00f3n de aceitunas y encurtidos.","potentialAction":[{"@type":"SearchAction","target":{"@type":"EntryPoint","urlTemplate":"https:\/\/aceitunasvegatoro.com\/?s={search_term_string}"},"query-input":{"@type":"PropertyValueSpecification","valueRequired":true,"valueName":"search_term_string"}}],"inLanguage":"es"}]}},"_links":{"self":[{"href":"https:\/\/aceitunasvegatoro.com\/index.php?rest_route=\/wp\/v2\/pages\/167","targetHints":{"allow":["GET"]}}],"collection":[{"href":"https:\/\/aceitunasvegatoro.com\/index.php?rest_route=\/wp\/v2\/pages"}],"about":[{"href":"https:\/\/aceitunasvegatoro.com\/index.php?rest_route=\/wp\/v2\/types\/page"}],"author":[{"embeddable":true,"href":"https:\/\/aceitunasvegatoro.com\/index.php?rest_route=\/wp\/v2\/users\/2"}],"replies":[{"embeddable":true,"href":"https:\/\/aceitunasvegatoro.com\/index.php?rest_route=%2Fwp%2Fv2%2Fcomments&post=167"}],"version-history":[{"count":10,"href":"https:\/\/aceitunasvegatoro.com\/index.php?rest_route=\/wp\/v2\/pages\/167\/revisions"}],"predecessor-version":[{"id":535,"href":"https:\/\/aceitunasvegatoro.com\/index.php?rest_route=\/wp\/v2\/pages\/167\/revisions\/535"}],"wp:featuredmedia":[{"embeddable":true,"href":"https:\/\/aceitunasvegatoro.com\/index.php?rest_route=\/wp\/v2\/media\/165"}],"wp:attachment":[{"href":"https:\/\/aceitunasvegatoro.com\/index.php?rest_route=%2Fwp%2Fv2%2Fmedia&parent=167"}],"curies":[{"name":"wp","href":"https:\/\/api.w.org\/{rel}","templated":true}]}}